{"id":31389,"date":"2026-04-19T23:30:37","date_gmt":"2026-04-19T21:30:37","guid":{"rendered":"https:\/\/htlmusicbusiness.academy\/?page_id=31389"},"modified":"2026-04-20T00:04:51","modified_gmt":"2026-04-19T22:04:51","slug":"blog-industria-musical","status":"publish","type":"page","link":"https:\/\/htlmusicbusiness.academy\/es\/blog-industria-musical\/","title":{"rendered":"Blog"},"content":{"rendered":"<h2 class=\"font-claude-response-body break-words whitespace-normal leading-[1.7]\">Blog Industria Musical<\/h2>\n<p class=\"font-claude-response-body break-words whitespace-normal leading-[1.7]\">Bienvenido al blog de HTL Music Business Academy, tu fuente de an\u00e1lisis, tendencias y consejos pr\u00e1cticos sobre la industria musical global. Nuestros art\u00edculos est\u00e1n escritos por profesionales activos del sector y docentes con experiencia real en gesti\u00f3n de artistas, producci\u00f3n de eventos en vivo, marketing musical y negocios de la m\u00fasica.<\/p>\n<p class=\"font-claude-response-body break-words whitespace-normal leading-[1.7]\">Tanto si eres profesional en activo que quiere estar al d\u00eda de las tendencias del sector, estudiante que investiga opciones de formaci\u00f3n en music business, o alguien que busca orientaci\u00f3n para iniciar su carrera en la industria musical, este blog cubre los temas que m\u00e1s importan en el mundo del music business actual.<\/p>\n<p class=\"font-claude-response-body break-words whitespace-normal leading-[1.7]\"><strong>Lo que encontrar\u00e1s en este blog:<\/strong><\/p>\n<ul class=\"[li_&amp;]:mb-0 [li_&amp;]:mt-1 [li_&amp;]:gap-1 [&amp;:not(:last-child)_ul]:pb-1 [&amp;:not(:last-child)_ol]:pb-1 list-disc flex flex-col gap-1 pl-8 mb-3\">\n<li class=\"whitespace-normal break-words pl-2\">Consejos de carrera para futuros profesionales de la industria musical<\/li>\n<li class=\"whitespace-normal break-words pl-2\">An\u00e1lisis de tendencias en streaming, marketing digital y gesti\u00f3n de artistas<\/li>\n<li class=\"whitespace-normal break-words pl-2\">Gu\u00edas para entrar en la industria musical desde Espa\u00f1a y Latinoam\u00e9rica<\/li>\n<li class=\"whitespace-normal break-words pl-2\">Salud mental y bienestar para m\u00fasicos y profesionales del sector creativo<\/li>\n<li class=\"whitespace-normal break-words pl-2\">Noticias e informaci\u00f3n sobre la escena musical de Barcelona y el panorama internacional<\/li>\n<\/ul>\n","protected":false},"excerpt":{"rendered":"<p>Blog Industria Musical Bienvenido al blog de HTL Music Business Academy, tu fuente de an\u00e1lisis, tendencias y consejos pr\u00e1cticos sobre la industria musical global. Nuestros art\u00edculos est\u00e1n escritos por profesionales&#8230; <\/p>\n<div class=\"clear\"><\/div>\n<p><a href=\"https:\/\/htlmusicbusiness.academy\/es\/blog-industria-musical\/\" class=\"gdlr-button with-border excerpt-read-more\">Read More<\/a><\/p>\n","protected":false},"author":1,"featured_media":0,"parent":0,"menu_order":0,"comment_status":"closed","ping_status":"closed","template":"","meta":{"_acf_changed":false,"content-type":"","_monsterinsights_skip_tracking":false,"_monsterinsights_sitenote_active":false,"_monsterinsights_sitenote_note":"","_monsterinsights_sitenote_category":0,"footnotes":""},"class_list":["post-31389","page","type-page","status-publish","hentry"],"acf":[],"_links":{"self":[{"href":"https:\/\/htlmusicbusiness.academy\/es\/wp-json\/wp\/v2\/pages\/31389","targetHints":{"allow":["GET"]}}],"collection":[{"href":"https:\/\/htlmusicbusiness.academy\/es\/wp-json\/wp\/v2\/pages"}],"about":[{"href":"https:\/\/htlmusicbusiness.academy\/es\/wp-json\/wp\/v2\/types\/page"}],"author":[{"embeddable":true,"href":"https:\/\/htlmusicbusiness.academy\/es\/wp-json\/wp\/v2\/users\/1"}],"replies":[{"embeddable":true,"href":"https:\/\/htlmusicbusiness.academy\/es\/wp-json\/wp\/v2\/comments?post=31389"}],"version-history":[{"count":5,"href":"https:\/\/htlmusicbusiness.academy\/es\/wp-json\/wp\/v2\/pages\/31389\/revisions"}],"predecessor-version":[{"id":31395,"href":"https:\/\/htlmusicbusiness.academy\/es\/wp-json\/wp\/v2\/pages\/31389\/revisions\/31395"}],"wp:attachment":[{"href":"https:\/\/htlmusicbusiness.academy\/es\/wp-json\/wp\/v2\/media?parent=31389"}],"curies":[{"name":"wp","href":"https:\/\/api.w.org\/{rel}","templated":true}]}}